{"id":144,"date":"2026-02-09T12:27:12","date_gmt":"2026-02-09T12:27:12","guid":{"rendered":"https:\/\/myllyviita.fi\/chemedu\/?page_id=144"},"modified":"2026-02-09T12:27:12","modified_gmt":"2026-02-09T12:27:12","slug":"kemikaaliturvallisuus-koulussa-konsultointi","status":"publish","type":"page","link":"http:\/\/myllyviita.fi\/chemedu\/kemikaaliturvallisuus-koulussa-konsultointi\/","title":{"rendered":"Kemikaaliturvallisuus koulussa konsultointi"},"content":{"rendered":"<p class=\"my-2 [&amp;+p]:mt-4 [&amp;_strong:has(+br)]:inline-block [&amp;_strong:has(+br)]:pb-2\"><strong>Kemikaaliturvallisuus kuntoon \u2013 vaivattomasti ja asiantuntevasti!<\/strong><\/p>\n<p class=\"my-2 [&amp;+p]:mt-4 [&amp;_strong:has(+br)]:inline-block [&amp;_strong:has(+br)]:pb-2\">Varmista koulusi kemikaaliturvallisuus ja lainmukainen toiminta tilaamalla asiantuntijakonsultointi. Saat k\u00e4yt\u00e4nn\u00f6n apua kemikaalivaraston j\u00e4rjest\u00e4miseen, kemikaaliluettelon yll\u00e4pitoon ja j\u00e4tteiden k\u00e4sittelyyn \u2013 sek\u00e4 tukea ja ohjausta kemikaalivaraston hoitajalle h\u00e4nen t\u00e4rke\u00e4ss\u00e4 teht\u00e4v\u00e4ss\u00e4\u00e4n.<\/p>\n<p class=\"my-2 [&amp;+p]:mt-4 [&amp;_strong:has(+br)]:inline-block [&amp;_strong:has(+br)]:pb-2\">Konsultoinnin yhteydess\u00e4 saat selke\u00e4t ohjeet, valmiit pohjat ja k\u00e4yt\u00e4nn\u00f6n vinkit, joilla koulun kemikaaliturvallisuuden hallinta k\u00e4y helposti ja sujuvasti.<\/p>\n<p class=\"my-2 [&amp;+p]:mt-4 [&amp;_strong:has(+br)]:inline-block [&amp;_strong:has(+br)]:pb-2\">Asiantuntijamme auttavat tekem\u00e4\u00e4n koulun kemikaaliturvallisuudesta hallittua, sujuvaa ja riskit\u00f6nt\u00e4 \u2013 aikaa vapautuu opetukseen ja johtamiseen.<\/p>\n<p class=\"my-2 [&amp;+p]:mt-4 [&amp;_strong:has(+br)]:inline-block [&amp;_strong:has(+br)]:pb-2\"><strong>Tilaa konsultointi nyt ja turvaa koulusi turvallinen arki!<\/strong><\/p>\n<p>Konsultointia tarjoaa ChemEdu &#8211; Myllyviita<\/p>\n","protected":false},"excerpt":{"rendered":"<p>Kemikaaliturvallisuus kuntoon \u2013 vaivattomasti ja asiantuntevasti! Varmista koulusi kemikaaliturvallisuus ja lainmukainen toiminta tilaamalla asiantuntijakonsultointi. Saat k\u00e4yt\u00e4nn\u00f6n apua kemikaalivaraston j\u00e4rjest\u00e4miseen, kemikaaliluettelon yll\u00e4pitoon ja j\u00e4tteiden k\u00e4sittelyyn \u2013 sek\u00e4 tukea ja ohjausta kemikaalivaraston hoitajalle h\u00e4nen t\u00e4rke\u00e4ss\u00e4 teht\u00e4v\u00e4ss\u00e4\u00e4n. Konsultoinnin yhteydess\u00e4 saat selke\u00e4t ohjeet, valmiit pohjat ja k\u00e4yt\u00e4nn\u00f6n vinkit, joilla koulun kemikaaliturvallisuuden hallinta k\u00e4y helposti ja sujuvasti. Asiantuntijamme auttavat tekem\u00e4\u00e4n &#8230;.&nbsp;&nbsp;<a class=\" special\" href=\"http:\/\/myllyviita.fi\/chemedu\/kemikaaliturvallisuus-koulussa-konsultointi\/\">Read More<\/a><\/p>\n","protected":false},"author":1,"featured_media":0,"parent":0,"menu_order":0,"comment_status":"closed","ping_status":"closed","template":"","meta":{"pagelayer_contact_templates":[],"_pagelayer_content":"","footnotes":""},"class_list":["post-144","page","type-page","status-publish","hentry"],"_links":{"self":[{"href":"http:\/\/myllyviita.fi\/chemedu\/wp-json\/wp\/v2\/pages\/144","targetHints":{"allow":["GET"]}}],"collection":[{"href":"http:\/\/myllyviita.fi\/chemedu\/wp-json\/wp\/v2\/pages"}],"about":[{"href":"http:\/\/myllyviita.fi\/chemedu\/wp-json\/wp\/v2\/types\/page"}],"author":[{"embeddable":true,"href":"http:\/\/myllyviita.fi\/chemedu\/wp-json\/wp\/v2\/users\/1"}],"replies":[{"embeddable":true,"href":"http:\/\/myllyviita.fi\/chemedu\/wp-json\/wp\/v2\/comments?post=144"}],"version-history":[{"count":1,"href":"http:\/\/myllyviita.fi\/chemedu\/wp-json\/wp\/v2\/pages\/144\/revisions"}],"predecessor-version":[{"id":146,"href":"http:\/\/myllyviita.fi\/chemedu\/wp-json\/wp\/v2\/pages\/144\/revisions\/146"}],"wp:attachment":[{"href":"http:\/\/myllyviita.fi\/chemedu\/wp-json\/wp\/v2\/media?parent=144"}],"curies":[{"name":"wp","href":"https:\/\/api.w.org\/{rel}","templated":true}]}}