{"id":2,"date":"2019-07-25T23:06:22","date_gmt":"2019-07-25T23:06:22","guid":{"rendered":"http:\/\/myllyviita.fi\/chemedu\/?page_id=2"},"modified":"2026-04-22T10:32:00","modified_gmt":"2026-04-22T10:32:00","slug":"sample-page","status":"publish","type":"page","link":"http:\/\/myllyviita.fi\/chemedu\/","title":{"rendered":"Vuoden 2026 koulutukset"},"content":{"rendered":"\r\n<ul>\r\n<li><a href=\"https:\/\/forms.office.com\/r\/w7PmtyaZqF\"><strong>Ilmoittautuminen koulutuksiin<\/strong><\/a>\u00a0<\/li>\r\n<\/ul>\r\n<h3>SEURAAVAT KOULUTUKSET vuosi 26 (sis\u00e4lt\u00f6kuvaukset alla)<\/h3>\r\n<h3>Kemikaalivaraston hoitajien koulutus (et\u00e4)<\/h3>\r\n<div class=\"html-div xdj266r x14z9mp xat24cr x1lziwak xexx8yu xyri2b x18d9i69 x1c1uobl\" tabindex=\"-1\">\r\n<div class=\"html-div xdj266r x14z9mp x1lziwak xexx8yu xyri2b x18d9i69 x1c1uobl x1e56ztr\"><span class=\"x193iq5w xeuugli x13faqbe x1vvkbs x1xmvt09 x6prxxf xvq8zen xo1l8bm xzsf02u\">Lains\u00e4\u00e4d\u00e4nt\u00f6\u00e4, kemikaalien merkitseminen, kemikaaliluettelon laatiminen, varaston hoito, j\u00e4tteiden k\u00e4sittely. Materiaalina mm. verkkomateriaalit osoitteessa www.chesse.org\/fi . Ajankohdat<b>:<\/b><\/span><\/div>\r\n<\/div>\r\n<div class=\"html-div xdj266r x14z9mp xat24cr x1lziwak xexx8yu xyri2b x18d9i69 x1c1uobl\" tabindex=\"-1\">\r\n<ul>\r\n<li class=\"html-div xdj266r x14z9mp x1lziwak xexx8yu xyri2b x18d9i69 x1c1uobl x1e56ztr\">Ma 18.5.2026 klo 10-13 (<span class=\"x193iq5w xeuugli x13faqbe x1vvkbs x1xmvt09 x6prxxf xvq8zen xo1l8bm xzsf02u\"><span class=\"html-span xdj266r x14z9mp xat24cr x1lziwak xexx8yu xyri2b x18d9i69 x1c1uobl x1hl2dhg x16tdsg8 x1vvkbs\"><strong class=\"html-strong xdj266r x14z9mp xat24cr x1lziwak xexx8yu xyri2b x18d9i69 x1c1uobl x1hl2dhg x16tdsg8 x1vvkbs x1s688f\">peruskurssi<\/strong><\/span><\/span>)<\/li>\r\n<li><a href=\"https:\/\/forms.office.com\/r\/w7PmtyaZqF\"><strong>Ilmoittautuminen koulutuksiin<\/strong><\/a> (hinta 150 \u20ac sis. ALV)<\/li>\r\n<\/ul>\r\n<\/div>\r\n<h3>Teko\u00e4ly kemian opetuksessa (et\u00e4)<\/h3>\r\n<ul>\r\n<li>Ke 20.5.2026 klo 16-19<\/li>\r\n<li><a href=\"https:\/\/forms.office.com\/r\/w7PmtyaZqF\"><strong>Ilmoittautuminen koulutuksiin<\/strong><\/a> (hinta 150 \u20ac sis. ALV)<\/li>\r\n<\/ul>\r\n<h3>Spektroskopia ja spektrometria lukion kemian opetuksessa (et\u00e4)<\/h3>\r\n<ul>\r\n<li>Ke 21.5.2026 klo 13-16<\/li>\r\n<li>ilmoittautuminen <a href=\"https:\/\/bit.ly\/ChemEduKoulutus\">https:\/\/bit.ly\/ChemEduKoulutus<\/a> (hinta 150 \u20ac sis. ALV)<\/li>\r\n<\/ul>\r\n<h3>Ketcher ja molekyylimallinnus kemian opetuksessa (et\u00e4)<\/h3>\r\n<ul>\r\n<li>To 21.5.2026 klo 9-11<\/li>\r\n<li><a href=\"https:\/\/forms.office.com\/r\/w7PmtyaZqF\"><strong>Ilmoittautuminen koulutuksiin<\/strong><\/a> (hinta 150 \u20ac sis. ALV)<\/li>\r\n<\/ul>\r\n<h3>SIS\u00c4LT\u00d6KUVAUKSET<\/h3>\r\n<h3>Spektroskopia ja spektrometria lukion kemian opetuksessa<\/h3>\r\n<ul>\r\n<li>Spektrometria (MS) ja spektroskopia (IR, NMR ja UV) ja LOPS<\/li>\r\n<li>Erilaiset teht\u00e4v\u00e4tyypit ja spektrometrian k\u00e4ytt\u00f6 eri kurssien yhteydess\u00e4<\/li>\r\n<li>Erilaisten spektrometristen ja spektroskooppisten menetelmien perusteet \u2014 Spektrikirjastot<\/li>\r\n<li>Massaspektrometria ja moolimassan m\u00e4\u00e4ritt\u00e4minen \u2014 massaspektrien tulkintaa<\/li>\r\n<li>IR-spektroskopia ja funktionaalisten ryhmien m\u00e4\u00e4ritt\u00e4minen<\/li>\r\n<li>NMR-spektroskopiat ja molekyylien atomien erilaiset ymp\u00e4rist\u00f6t<\/li>\r\n<li>UV-spektroskopia ja kvantitatiivinen pitoisuuden m\u00e4\u00e4ritt\u00e4minen<\/li>\r\n<li><strong>Aineisto<\/strong>: <a href=\"https:\/\/peda.net\/p\/myllyviita\/spektroskopia\">Spektrometriaa ja spektroskopiaa lukiossa (peda.net)<\/a><\/li>\r\n<\/ul>\r\n<h3>Teko\u00e4ly kemian opetuksessa<\/h3>\r\n<p>Kurssin tavoitteet:<\/p>\r\n<ul>\r\n<li>valita sellaisia k\u00e4ytt\u00f6tarkoituksia teko\u00e4lylle, jotka soveltuvat nykyaikaiseen kemian opetukseen<\/li>\r\n<li>tunnistaa ja arvioida teko\u00e4lysovellusten pedagogiset hy\u00f6dyt<\/li>\r\n<li>valita asianmukaiset ty\u00f6kalut opetuksen suunnittelun, pedagogiikan ja arvioinnin tukemiseksi<\/li>\r\n<li>suunnitella ja toteuttaa osallistavia teko\u00e4lyavusteisia opetus- ja oppimisk\u00e4yt\u00e4nt\u00f6j\u00e4 toteuttamalla vuorovaikutteisia toimintamalleja<\/li>\r\n<li>luoda omia AI-ty\u00f6kaluja (applikaatiot, AI-tutor) ja liitt\u00e4m\u00e4ll\u00e4 niihin organisaation tai henkil\u00f6n omia tietol\u00e4hteit\u00e4<\/li>\r\n<\/ul>\r\n<h3>Ketcher ja MarvinSketch lukion kemian opetuksessa<\/h3>\r\n<ul>\r\n<li>Perusasiat (sek\u00e4 Ketcher ett\u00e4 MarvinSketch):\r\n<ul>\r\n<li>Asentaminen ja k\u00e4ytt\u00f6\u00f6notto<\/li>\r\n<li>Ketcher ja lukion kemian kurssit<\/li>\r\n<li>Perusasetukset ja piirt\u00e4minen<\/li>\r\n<li>Reaktioyht\u00e4l\u00f6t<\/li>\r\n<li>Isomeria<\/li>\r\n<li>Polymeerien piirt\u00e4minen<\/li>\r\n<\/ul>\r\n<\/li>\r\n<li>Erityisominaisuudet &#8211; Ketcher vs. MarvinSketch\r\n<ul>\r\n<li>Mallintaminen lukion kemian opetuksessa, MarvinSketch ja 3D<\/li>\r\n<\/ul>\r\n<\/li>\r\n<li><strong>Aineisto<\/strong>: <a href=\"https:\/\/peda.net\/p\/myllyviita\/OrbitaaliMarvinSketch2\">Orbitaali &#8211; MarvinSketch \u2013 Tervetuloa MarvinSketch -opintoihin (peda.net)<\/a><\/li>\r\n<\/ul>\r\n<h3>Kemikaalivaraston hoitajien koulutus<\/h3>\r\n<p>Koulun toimintaymp\u00e4rist\u00f6n huomioiva kemikaalien s\u00e4ilytys, k\u00e4ytt\u00f6 ja j\u00e4tteiden k\u00e4sittely on laajasti esiteltyn\u00e4 oppaassa, jota koulutuksessa k\u00e4ytet\u00e4\u00e4n perusmateriaalina. Koulutuksessa opastetaan oppaan k\u00e4ytt\u00f6\u00f6n ja k\u00e4yd\u00e4\u00e4n l\u00e4pi aineiston oleellisia asioita ja niihin liittyvi\u00e4 k\u00e4yt\u00e4nt\u00f6j\u00e4.<\/p>\r\n<p>Oppaassa on runsaasti linkkej\u00e4 lis\u00e4aineistoihin ja kemikaalivaraston hoitajan ty\u00f6t\u00e4 helpottaviin ty\u00f6kaluihin, mm. kemikaaliluetteloiden laadintaan ja kemikaalien s\u00e4ilytysastioiden merkitsemiseen.<\/p>\r\n<p><strong>Aineisto<\/strong>: <a href=\"https:\/\/peda.net\/oppimateriaalit\/kemianvertaistuki\/kemikaalivarasto\">Kemikaalivaraston hoito (peda.net)<\/a><\/p>\r\n<h3>Kokeellisuus kemiassa (yl\u00e4koulu ja lukio)<\/h3>\r\n<p>Kokeellisuus kemiassa kursseilla l\u00e4hestyt\u00e4\u00e4n kokeellisuutta mikrokemian (microscale chemistry) n\u00e4k\u00f6kulmasta. Kokeellisuutta esitell\u00e4\u00e4n videoin ja soveltaen ns. pisarakemiaa (minimoidaan kemikaalien k\u00e4ytt\u00f6) ja jaetaan tukimateriaaleja ja virtuaalisia ty\u00f6kaluja kokeellisuuden tueksi.\u00a0<\/p>\r\n<h3>Uudet TVT-ty\u00f6kalut lukion kemian opetuksessa<\/h3>\r\n<ul>\r\n<li>Mallintaminen opetuksessa, ChemSenseAnimator<\/li>\r\n<li>S\u00e4hk\u00f6isen ty\u00f6v\u00e4lineet kemian opetuksessa, ScreenCast-O-Matic<\/li>\r\n<li>Yhteis\u00f6llinen media kemian opetuksessa<\/li>\r\n<li>Nettity\u00f6kalut, mm. virtuaalinen titraus, galvaaniset kennot<\/li>\r\n<li>Uudet tuulet TVT:n k\u00e4yt\u00f6ss\u00e4 kemian opetuksessa, ThingLink, 3D ja ThingLink<\/li>\r\n<\/ul>\r\n<h2>Tilauksesta:<\/h2>\r\n<h3>Tieto\u2013 ja viestint\u00e4tekniikka sek\u00e4 yhteis\u00f6llinen media (kemian) opetuksessa<\/h3>\r\n<p><strong>Teemoja:<\/strong><\/p>\r\n<ul>\r\n<li>Mallintaminen opetuksessa<\/li>\r\n<li>S\u00e4hk\u00f6isen ty\u00f6v\u00e4lineet kemian opetuksessa<\/li>\r\n<li>Mallintaminen ja kemian opetus<\/li>\r\n<li>Tiedek\u00e4yt\u00e4nt\u00f6l\u00e4ht\u00f6inen kemian opetus<\/li>\r\n<li>Yhteis\u00f6llinen media kemian opetuksessa<\/li>\r\n<li>Tieto\u2013 ja viestint\u00e4tekniikka opetuksessa (kemian opetuksessa)<\/li>\r\n<\/ul>\r\n<h3>Maksut:\u00a0<\/h3>\r\n<p>Tilinro: FI 9510 1135 0008 3182, Ari Myllyviita<\/p>\r\n<p>&nbsp;<\/p>\r\n","protected":false},"excerpt":{"rendered":"<p>Ilmoittautuminen koulutuksiin\u00a0 SEURAAVAT KOULUTUKSET vuosi 26 (sis\u00e4lt\u00f6kuvaukset alla) Kemikaalivaraston hoitajien koulutus (et\u00e4) Lains\u00e4\u00e4d\u00e4nt\u00f6\u00e4, kemikaalien merkitseminen, kemikaaliluettelon laatiminen, varaston hoito, j\u00e4tteiden k\u00e4sittely. Materiaalina mm. verkkomateriaalit osoitteessa www.chesse.org\/fi . Ajankohdat: Ma 18.5.2026 klo 10-13 (peruskurssi) Ilmoittautuminen koulutuksiin (hinta 150 \u20ac sis. ALV) Teko\u00e4ly kemian opetuksessa (et\u00e4) Ke 20.5.2026 klo 16-19 Ilmoittautuminen koulutuksiin (hinta 150 \u20ac sis. ALV) &#8230;.&nbsp;&nbsp;<a class=\" special\" href=\"http:\/\/myllyviita.fi\/chemedu\/\">Read More<\/a><\/p>\n","protected":false},"author":1,"featured_media":0,"parent":5,"menu_order":0,"comment_status":"closed","ping_status":"open","template":"","meta":{"pagelayer_contact_templates":[],"_pagelayer_content":"","footnotes":""},"class_list":["post-2","page","type-page","status-publish","hentry"],"_links":{"self":[{"href":"http:\/\/myllyviita.fi\/chemedu\/wp-json\/wp\/v2\/pages\/2","targetHints":{"allow":["GET"]}}],"collection":[{"href":"http:\/\/myllyviita.fi\/chemedu\/wp-json\/wp\/v2\/pages"}],"about":[{"href":"http:\/\/myllyviita.fi\/chemedu\/wp-json\/wp\/v2\/types\/page"}],"author":[{"embeddable":true,"href":"http:\/\/myllyviita.fi\/chemedu\/wp-json\/wp\/v2\/users\/1"}],"replies":[{"embeddable":true,"href":"http:\/\/myllyviita.fi\/chemedu\/wp-json\/wp\/v2\/comments?post=2"}],"version-history":[{"count":61,"href":"http:\/\/myllyviita.fi\/chemedu\/wp-json\/wp\/v2\/pages\/2\/revisions"}],"predecessor-version":[{"id":152,"href":"http:\/\/myllyviita.fi\/chemedu\/wp-json\/wp\/v2\/pages\/2\/revisions\/152"}],"up":[{"embeddable":true,"href":"http:\/\/myllyviita.fi\/chemedu\/wp-json\/wp\/v2\/pages\/5"}],"wp:attachment":[{"href":"http:\/\/myllyviita.fi\/chemedu\/wp-json\/wp\/v2\/media?parent=2"}],"curies":[{"name":"wp","href":"https:\/\/api.w.org\/{rel}","templated":true}]}}